{"id":674,"date":"2024-12-09T07:55:55","date_gmt":"2024-12-09T06:55:55","guid":{"rendered":"https:\/\/sarauestudi.cat\/?page_id=674"},"modified":"2025-05-27T19:07:14","modified_gmt":"2025-05-27T17:07:14","slug":"nosotras","status":"publish","type":"page","link":"https:\/\/sarauestudi.cat\/es\/nosotras\/","title":{"rendered":"Nosotras"},"content":{"rendered":"\t\t<div data-elementor-type=\"wp-page\" data-elementor-id=\"674\" class=\"elementor elementor-674 elementor-31\" data-elementor-post-type=\"page\">\n\t\t\t\t<div class=\"elementor-element elementor-element-aab95e6 e-flex e-con-boxed e-con e-parent\" data-id=\"aab95e6\" data-element_type=\"container\" data-e-type=\"container\">\n\t\t\t\t\t<div class=\"e-con-inner\">\n\t\t\t\t<div class=\"elementor-element elementor-element-62c5b91 elementor-widget elementor-widget-heading\" data-id=\"62c5b91\" data-element_type=\"widget\" data-e-type=\"widget\" data-widget_type=\"heading.default\">\n\t\t\t\t\t<h1 class=\"elementor-heading-title elementor-size-default\">la primera cooperativa de<br>\ncomunicaci\u00f3n y dise\u00f1o gr\u00e1fico<\/h1>\t\t\t\t<\/div>\n\t\t\t\t<div class=\"elementor-element elementor-element-fafe2a5 elementor-widget elementor-widget-text-editor\" data-id=\"fafe2a5\" data-element_type=\"widget\" data-e-type=\"widget\" data-widget_type=\"text-editor.default\">\n\t\t\t\t\t\t\t\t\t<p>Somos una cooperativa de comunicaci\u00f3n y dise\u00f1o gr\u00e1fico con sede en L\u00e9rida. Un equipo creativo formado por dos mujeres j\u00f3venes que ve en cada proyecto una oportunidad de dise\u00f1ar y realizar estrategias comunicativas transformadoras, que potencien los valores del territorio.<\/p><p>Damos vida a identidades \u00fanicas que reflejan el alma de cada proyecto, definiendo un universo propio que le hace irrepetible. Acompa\u00f1amos el proceso desde el planteamiento inicial hasta la materializaci\u00f3n final, creando propuestas con gran valor creativo.<\/p>\t\t\t\t\t\t\t\t<\/div>\n\t\t\t\t<div class=\"elementor-element elementor-element-4a1039d elementor-absolute e-transform elementor-widget elementor-widget-image\" data-id=\"4a1039d\" data-element_type=\"widget\" data-e-type=\"widget\" data-settings=\"{&quot;_position&quot;:&quot;absolute&quot;,&quot;_transform_rotateZ_effect&quot;:{&quot;unit&quot;:&quot;px&quot;,&quot;size&quot;:180,&quot;sizes&quot;:[]},&quot;_transform_rotateZ_effect_laptop&quot;:{&quot;unit&quot;:&quot;deg&quot;,&quot;size&quot;:&quot;&quot;,&quot;sizes&quot;:[]},&quot;_transform_rotateZ_effect_tablet&quot;:{&quot;unit&quot;:&quot;deg&quot;,&quot;size&quot;:&quot;&quot;,&quot;sizes&quot;:[]},&quot;_transform_rotateZ_effect_mobile&quot;:{&quot;unit&quot;:&quot;deg&quot;,&quot;size&quot;:&quot;&quot;,&quot;sizes&quot;:[]}}\" data-widget_type=\"image.default\">\n\t\t\t\t\t\t\t\t\t\t\t\t\t\t\t<img fetchpriority=\"high\" decoding=\"async\" width=\"308\" height=\"274\" src=\"https:\/\/sarauestudi.cat\/wp-content\/uploads\/2024\/12\/gargot-03.png\" class=\"attachment-large size-large wp-image-586\" alt=\"\" \/>\t\t\t\t\t\t\t\t\t\t\t\t\t\t\t<\/div>\n\t\t\t\t\t<\/div>\n\t\t\t\t<\/div>\n\t\t<div class=\"elementor-element elementor-element-f83703d e-flex e-con-boxed e-con e-parent\" data-id=\"f83703d\" data-element_type=\"container\" data-e-type=\"container\">\n\t\t\t\t\t<div class=\"e-con-inner\">\n\t\t\t\t<div class=\"elementor-element elementor-element-1796b7a elementor-widget elementor-widget-image\" data-id=\"1796b7a\" data-element_type=\"widget\" data-e-type=\"widget\" data-widget_type=\"image.default\">\n\t\t\t\t\t\t\t\t\t\t\t\t\t\t\t<img decoding=\"async\" width=\"1014\" height=\"64\" src=\"https:\/\/sarauestudi.cat\/wp-content\/uploads\/2024\/12\/gargot-11.png\" class=\"attachment-large size-large wp-image-587\" alt=\"\" srcset=\"https:\/\/sarauestudi.cat\/wp-content\/uploads\/2024\/12\/gargot-11.png 1014w, https:\/\/sarauestudi.cat\/wp-content\/uploads\/2024\/12\/gargot-11-768x48.png 768w\" sizes=\"(max-width: 1014px) 100vw, 1014px\" \/>\t\t\t\t\t\t\t\t\t\t\t\t\t\t\t<\/div>\n\t\t\t\t<div class=\"elementor-element elementor-element-476b0da elementor-absolute elementor-widget elementor-widget-image\" data-id=\"476b0da\" data-element_type=\"widget\" data-e-type=\"widget\" data-settings=\"{&quot;_position&quot;:&quot;absolute&quot;}\" data-widget_type=\"image.default\">\n\t\t\t\t\t\t\t\t\t\t\t\t\t\t\t<img decoding=\"async\" width=\"407\" height=\"108\" src=\"https:\/\/sarauestudi.cat\/wp-content\/uploads\/2024\/12\/gargot-09.png\" class=\"attachment-large size-large wp-image-588\" alt=\"\" \/>\t\t\t\t\t\t\t\t\t\t\t\t\t\t\t<\/div>\n\t\t\t\t\t<\/div>\n\t\t\t\t<\/div>\n\t\t<div class=\"elementor-element elementor-element-7ddf6ed e-flex e-con-boxed e-con e-parent\" data-id=\"7ddf6ed\" data-element_type=\"container\" data-e-type=\"container\">\n\t\t\t\t\t<div class=\"e-con-inner\">\n\t\t\t\t<div class=\"elementor-element elementor-element-d9e5ecc elementor-widget elementor-widget-heading\" data-id=\"d9e5ecc\" data-element_type=\"widget\" data-e-type=\"widget\" data-widget_type=\"heading.default\">\n\t\t\t\t\t<h2 class=\"elementor-heading-title elementor-size-default\">servicios<\/h2>\t\t\t\t<\/div>\n\t\t\t\t<div class=\"elementor-element elementor-element-b143472 elementor-widget elementor-widget-text-editor\" data-id=\"b143472\" data-element_type=\"widget\" data-e-type=\"widget\" data-widget_type=\"text-editor.default\">\n\t\t\t\t\t\t\t\t\t<p>&#8211; Identidad Corporativa<br \/>&#8211; Campa\u00f1as de comunicaci\u00f3n<br \/>&#8211; Dise\u00f1o y estrategia de marca<br \/>&#8211; L\u00edneas de producto<br \/>&#8211; Carteler\u00eda y maquetaci\u00f3n<br \/>&#8211; Gesti\u00f3n de redes sociales<br \/>&#8211; Dise\u00f1o y desarrollo web<br \/>&#8211; Gabinete de prensa<br \/>&#8211; Comunicaci\u00f3n audiovisual<br \/>&#8211; Relato<br \/>&#8211; Direcci\u00f3n de Arte<br \/>&#8211; Dise\u00f1o Editorial<br \/>&#8211; Eventos<\/p>\t\t\t\t\t\t\t\t<\/div>\n\t\t\t\t\t<\/div>\n\t\t\t\t<\/div>\n\t\t<div class=\"elementor-element elementor-element-1a68b80 e-flex e-con-boxed e-con e-parent\" data-id=\"1a68b80\" data-element_type=\"container\" data-e-type=\"container\">\n\t\t\t\t\t<div class=\"e-con-inner\">\n\t\t\t\t<div class=\"elementor-element elementor-element-62fe96c elementor-widget elementor-widget-image\" data-id=\"62fe96c\" data-element_type=\"widget\" data-e-type=\"widget\" data-widget_type=\"image.default\">\n\t\t\t\t\t\t\t\t\t\t\t\t\t\t\t<img loading=\"lazy\" decoding=\"async\" width=\"1033\" height=\"40\" src=\"https:\/\/sarauestudi.cat\/wp-content\/uploads\/2024\/12\/gargot-13.png\" class=\"attachment-large size-large wp-image-589\" alt=\"\" srcset=\"https:\/\/sarauestudi.cat\/wp-content\/uploads\/2024\/12\/gargot-13.png 1033w, https:\/\/sarauestudi.cat\/wp-content\/uploads\/2024\/12\/gargot-13-768x30.png 768w\" sizes=\"(max-width: 1033px) 100vw, 1033px\" \/>\t\t\t\t\t\t\t\t\t\t\t\t\t\t\t<\/div>\n\t\t\t\t<div class=\"elementor-element elementor-element-a68fa9b elementor-absolute elementor-widget elementor-widget-image\" data-id=\"a68fa9b\" data-element_type=\"widget\" data-e-type=\"widget\" data-settings=\"{&quot;_position&quot;:&quot;absolute&quot;}\" data-widget_type=\"image.default\">\n\t\t\t\t\t\t\t\t\t\t\t\t\t\t\t<img loading=\"lazy\" decoding=\"async\" width=\"427\" height=\"130\" src=\"https:\/\/sarauestudi.cat\/wp-content\/uploads\/2024\/12\/gargot-12.png\" class=\"attachment-large size-large wp-image-590\" alt=\"\" \/>\t\t\t\t\t\t\t\t\t\t\t\t\t\t\t<\/div>\n\t\t\t\t\t<\/div>\n\t\t\t\t<\/div>\n\t\t<div class=\"elementor-element elementor-element-6e0a23b e-flex e-con-boxed e-con e-parent\" data-id=\"6e0a23b\" data-element_type=\"container\" data-e-type=\"container\">\n\t\t\t\t\t<div class=\"e-con-inner\">\n\t\t\t\t<div class=\"elementor-element elementor-element-1fd9b4a elementor-widget elementor-widget-heading\" data-id=\"1fd9b4a\" data-element_type=\"widget\" data-e-type=\"widget\" data-widget_type=\"heading.default\">\n\t\t\t\t\t<h2 class=\"elementor-heading-title elementor-size-default\">hemos trabajado con<\/h2>\t\t\t\t<\/div>\n\t\t\t\t<div class=\"elementor-element elementor-element-dc8af54 elementor-widget elementor-widget-text-editor\" data-id=\"dc8af54\" data-element_type=\"widget\" data-e-type=\"widget\" data-widget_type=\"text-editor.default\">\n\t\t\t\t\t\t\t\t\t<p>&#8211; Ayuntamiento de Bellpuig<br \/>&#8211; Amigos del Terrall<br \/>&#8211; Anguera Maquinaria<br \/>&#8211; Romer\u00eda Cooperativa<br \/>&#8211; Asociaci\u00f3n de Productoras Agroecol\u00f3gicas de Catalu\u00f1a (APACAT)<br \/>&#8211; Asociaci\u00f3n Vall del Corb<br \/>&#8211; Bresca Digital<br \/>&#8211; Consejo Comarcal de Les Garrigues<br \/>&#8211; Consejo Comarcal de la Segarra<br \/>&#8211; Contrapunto Consultor\u00eda<br \/>&#8211; Los Correm\u00e1rgenes<br \/>&#8211; FessRural<br \/>&#8211; Genera Feminismos<br \/>&#8211; Grupo Feminista de Ponent<br \/>&#8211; El Adoquino<br \/>&#8211; Laboquer\u00eda Taller<br \/>&#8211; La Aresta Cooperativa<br \/>&#8211; El Olivo Cooperativo<br \/>&#8211; Ocio Q\u00e0lia<br \/>&#8211; Ponente Coopera<br \/>&#8211; Ruralidades Comunitarias<br \/>&#8211; Territorio de V\u00ednculos<br \/>&#8211; Tres Sillas<br \/>&#8211; Watt del Cuervo<br \/>&#8211; Red de Olivicultores-Oleicultores de Catalu\u00f1a (XOOC)<\/p>\t\t\t\t\t\t\t\t<\/div>\n\t\t\t\t\t<\/div>\n\t\t\t\t<\/div>\n\t\t<div class=\"elementor-element elementor-element-e17533c e-flex e-con-boxed elementor-invisible e-con e-parent\" data-id=\"e17533c\" data-element_type=\"container\" data-e-type=\"container\" data-settings=\"{&quot;animation&quot;:&quot;fadeIn&quot;}\">\n\t\t\t\t\t<div class=\"e-con-inner\">\n\t\t\t\t<div class=\"elementor-element elementor-element-95033da elementor-widget elementor-widget-image\" data-id=\"95033da\" data-element_type=\"widget\" data-e-type=\"widget\" data-widget_type=\"image.default\">\n\t\t\t\t\t\t\t\t\t\t\t\t\t\t\t<img loading=\"lazy\" decoding=\"async\" width=\"1206\" height=\"51\" src=\"https:\/\/sarauestudi.cat\/wp-content\/uploads\/2024\/12\/gargot-14.png\" class=\"attachment-large size-large wp-image-591\" alt=\"\" srcset=\"https:\/\/sarauestudi.cat\/wp-content\/uploads\/2024\/12\/gargot-14.png 1206w, https:\/\/sarauestudi.cat\/wp-content\/uploads\/2024\/12\/gargot-14-768x32.png 768w\" sizes=\"(max-width: 1206px) 100vw, 1206px\" \/>\t\t\t\t\t\t\t\t\t\t\t\t\t\t\t<\/div>\n\t\t\t\t<div class=\"elementor-element elementor-element-438f7a6 elementor-absolute elementor-widget elementor-widget-image\" data-id=\"438f7a6\" data-element_type=\"widget\" data-e-type=\"widget\" data-settings=\"{&quot;_position&quot;:&quot;absolute&quot;}\" data-widget_type=\"image.default\">\n\t\t\t\t\t\t\t\t\t\t\t\t\t\t\t<img loading=\"lazy\" decoding=\"async\" width=\"403\" height=\"74\" src=\"https:\/\/sarauestudi.cat\/wp-content\/uploads\/2024\/12\/gargot-10.png\" class=\"attachment-large size-large wp-image-592\" alt=\"\" \/>\t\t\t\t\t\t\t\t\t\t\t\t\t\t\t<\/div>\n\t\t\t\t\t<\/div>\n\t\t\t\t<\/div>\n\t\t<div class=\"elementor-element elementor-element-e5dc60f e-flex e-con-boxed e-con e-parent\" data-id=\"e5dc60f\" data-element_type=\"container\" data-e-type=\"container\">\n\t\t\t\t\t<div class=\"e-con-inner\">\n\t\t\t\t<div class=\"elementor-element elementor-element-e23e201 elementor-widget elementor-widget-heading\" data-id=\"e23e201\" data-element_type=\"widget\" data-e-type=\"widget\" data-widget_type=\"heading.default\">\n\t\t\t\t\t<h2 class=\"elementor-heading-title elementor-size-default\">equipo<\/h2>\t\t\t\t<\/div>\n\t\t<div class=\"elementor-element elementor-element-e98d135 e-grid e-con-full e-con e-child\" data-id=\"e98d135\" data-element_type=\"container\" data-e-type=\"container\">\n\t\t<div class=\"elementor-element elementor-element-2430743 e-con-full e-flex e-con e-child\" data-id=\"2430743\" data-element_type=\"container\" data-e-type=\"container\">\n\t\t\t\t<div class=\"elementor-element elementor-element-a19d686 elementor-absolute elementor-widget elementor-widget-image\" data-id=\"a19d686\" data-element_type=\"widget\" data-e-type=\"widget\" data-settings=\"{&quot;_position&quot;:&quot;absolute&quot;}\" data-widget_type=\"image.default\">\n\t\t\t\t\t\t\t\t\t\t\t\t\t\t\t<img loading=\"lazy\" decoding=\"async\" width=\"411\" height=\"692\" src=\"https:\/\/sarauestudi.cat\/wp-content\/uploads\/2024\/12\/sara-draw.png\" class=\"attachment-large size-large wp-image-595\" alt=\"\" \/>\t\t\t\t\t\t\t\t\t\t\t\t\t\t\t<\/div>\n\t\t\t\t<div class=\"elementor-element elementor-element-b537d0d elementor-absolute e-transform elementor-hidden-mobile elementor-widget elementor-widget-image\" data-id=\"b537d0d\" data-element_type=\"widget\" data-e-type=\"widget\" data-settings=\"{&quot;_position&quot;:&quot;absolute&quot;,&quot;_transform_rotateZ_effect&quot;:{&quot;unit&quot;:&quot;px&quot;,&quot;size&quot;:-14,&quot;sizes&quot;:[]},&quot;_transform_rotateZ_effect_tablet&quot;:{&quot;unit&quot;:&quot;deg&quot;,&quot;size&quot;:0,&quot;sizes&quot;:[]},&quot;_transform_rotateZ_effect_laptop&quot;:{&quot;unit&quot;:&quot;deg&quot;,&quot;size&quot;:&quot;&quot;,&quot;sizes&quot;:[]},&quot;_transform_rotateZ_effect_mobile&quot;:{&quot;unit&quot;:&quot;deg&quot;,&quot;size&quot;:&quot;&quot;,&quot;sizes&quot;:[]}}\" data-widget_type=\"image.default\">\n\t\t\t\t\t\t\t\t\t\t\t\t\t\t\t<img loading=\"lazy\" decoding=\"async\" width=\"123\" height=\"419\" src=\"https:\/\/sarauestudi.cat\/wp-content\/uploads\/2024\/12\/fletxa-01.png\" class=\"attachment-large size-large wp-image-597\" alt=\"\" \/>\t\t\t\t\t\t\t\t\t\t\t\t\t\t\t<\/div>\n\t\t\t\t<div class=\"elementor-element elementor-element-8b9eaa6 elementor-widget elementor-widget-image\" data-id=\"8b9eaa6\" data-element_type=\"widget\" data-e-type=\"widget\" data-widget_type=\"image.default\">\n\t\t\t\t\t\t\t\t\t\t\t\t\t\t\t<img loading=\"lazy\" decoding=\"async\" width=\"304\" height=\"124\" src=\"https:\/\/sarauestudi.cat\/wp-content\/uploads\/2024\/12\/sara-text.png\" class=\"attachment-large size-large wp-image-593\" alt=\"\" \/>\t\t\t\t\t\t\t\t\t\t\t\t\t\t\t<\/div>\n\t\t\t\t<div class=\"elementor-element elementor-element-2f4c418 elementor-widget elementor-widget-text-editor\" data-id=\"2f4c418\" data-element_type=\"widget\" data-e-type=\"widget\" data-widget_type=\"text-editor.default\">\n\t\t\t\t\t\t\t\t\t<p><strong>Comunicaci\u00f3n y estrategia.<\/strong><\/p><p>Periodista y comunicadora (Licenciada en Comunicaci\u00f3n y Periodismo Audiovisuales y M\u00e1ster en Comunicaci\u00f3n Corporativa). Durante su carrera en el mundo de la comunicaci\u00f3n ha formado parte de distintos equipos, tanto en la empresa privada como en la administraci\u00f3n y entidades sociales, en diversos cargos de responsabilidad, desde t\u00e9cnica de comunicaci\u00f3n hasta responsable de la comunicaci\u00f3n global de todo un proyecto. En los \u00faltimos a\u00f1os, al mismo tiempo, tambi\u00e9n ha gestionado las redes sociales y el gabinete de prensa de distintos proyectos sociales.<\/p>\t\t\t\t\t\t\t\t<\/div>\n\t\t\t\t<\/div>\n\t\t<div class=\"elementor-element elementor-element-e9ab8ff e-con-full e-flex e-con e-child\" data-id=\"e9ab8ff\" data-element_type=\"container\" data-e-type=\"container\">\n\t\t\t\t<div class=\"elementor-element elementor-element-60fd039 elementor-absolute elementor-widget elementor-widget-image\" data-id=\"60fd039\" data-element_type=\"widget\" data-e-type=\"widget\" data-settings=\"{&quot;_position&quot;:&quot;absolute&quot;}\" data-widget_type=\"image.default\">\n\t\t\t\t\t\t\t\t\t\t\t\t\t\t\t<img loading=\"lazy\" decoding=\"async\" width=\"466\" height=\"629\" src=\"https:\/\/sarauestudi.cat\/wp-content\/uploads\/2024\/12\/lidia-draw.png\" class=\"attachment-large size-large wp-image-596\" alt=\"\" \/>\t\t\t\t\t\t\t\t\t\t\t\t\t\t\t<\/div>\n\t\t\t\t<div class=\"elementor-element elementor-element-88dc34c elementor-absolute elementor-hidden-mobile elementor-widget elementor-widget-image\" data-id=\"88dc34c\" data-element_type=\"widget\" data-e-type=\"widget\" data-settings=\"{&quot;_position&quot;:&quot;absolute&quot;}\" data-widget_type=\"image.default\">\n\t\t\t\t\t\t\t\t\t\t\t\t\t\t\t<img loading=\"lazy\" decoding=\"async\" width=\"219\" height=\"325\" src=\"https:\/\/sarauestudi.cat\/wp-content\/uploads\/2024\/12\/fletxa-02.png\" class=\"attachment-large size-large wp-image-598\" alt=\"\" \/>\t\t\t\t\t\t\t\t\t\t\t\t\t\t\t<\/div>\n\t\t\t\t<div class=\"elementor-element elementor-element-0ae8ed2 elementor-widget elementor-widget-image\" data-id=\"0ae8ed2\" data-element_type=\"widget\" data-e-type=\"widget\" data-widget_type=\"image.default\">\n\t\t\t\t\t\t\t\t\t\t\t\t\t\t\t<img loading=\"lazy\" decoding=\"async\" width=\"377\" height=\"152\" src=\"https:\/\/sarauestudi.cat\/wp-content\/uploads\/2024\/12\/lidia-text.png\" class=\"attachment-large size-large wp-image-594\" alt=\"\" \/>\t\t\t\t\t\t\t\t\t\t\t\t\t\t\t<\/div>\n\t\t\t\t<div class=\"elementor-element elementor-element-70a99e0 elementor-widget elementor-widget-text-editor\" data-id=\"70a99e0\" data-element_type=\"widget\" data-e-type=\"widget\" data-widget_type=\"text-editor.default\">\n\t\t\t\t\t\t\t\t\t<p><strong>Dise\u00f1o gr\u00e1fico y creatividad.<\/strong><\/p><p>Dise\u00f1adora gr\u00e1fica e ilustradora (Licenciada en Bellas Artes y T\u00e9cnica Superior en Dise\u00f1o Gr\u00e1fico). Ha dibujado y pintado por casi todo Ponent, poniendo sus capacidades art\u00edsticas al servicio de diferentes entidades y movimientos sociales. Ha ilustrado m\u00e1s de un centenar de carteles para diferentes entidades y ha dise\u00f1ado conceptos de marca y campa\u00f1as de difusi\u00f3n y sensibilizaci\u00f3n por distintos productores artesanales.<\/p>\t\t\t\t\t\t\t\t<\/div>\n\t\t\t\t<\/div>\n\t\t\t\t<\/div>\n\t\t\t\t\t<\/div>\n\t\t\t\t<\/div>\n\t\t<div class=\"elementor-element elementor-element-d44750b e-flex e-con-boxed e-con e-parent\" data-id=\"d44750b\" data-element_type=\"container\" data-e-type=\"container\">\n\t\t\t\t\t<div class=\"e-con-inner\">\n\t\t\t\t<div class=\"elementor-element elementor-element-e64b613 elementor-widget elementor-widget-image\" data-id=\"e64b613\" data-element_type=\"widget\" data-e-type=\"widget\" data-widget_type=\"image.default\">\n\t\t\t\t\t\t\t\t\t\t\t\t\t\t\t<img loading=\"lazy\" decoding=\"async\" width=\"1920\" height=\"1117\" src=\"https:\/\/sarauestudi.cat\/wp-content\/uploads\/2024\/12\/foto-equip-sarau.jpg\" class=\"attachment-large size-large wp-image-599\" alt=\"\" srcset=\"https:\/\/sarauestudi.cat\/wp-content\/uploads\/2024\/12\/foto-equip-sarau.jpg 1920w, https:\/\/sarauestudi.cat\/wp-content\/uploads\/2024\/12\/foto-equip-sarau-768x447.jpg 768w, https:\/\/sarauestudi.cat\/wp-content\/uploads\/2024\/12\/foto-equip-sarau-1536x894.jpg 1536w\" sizes=\"(max-width: 1920px) 100vw, 1920px\" \/>\t\t\t\t\t\t\t\t\t\t\t\t\t\t\t<\/div>\n\t\t\t\t<div class=\"elementor-element elementor-element-8fb7375 elementor-absolute elementor-widget elementor-widget-image\" data-id=\"8fb7375\" data-element_type=\"widget\" data-e-type=\"widget\" data-settings=\"{&quot;_position&quot;:&quot;absolute&quot;}\" data-widget_type=\"image.default\">\n\t\t\t\t\t\t\t\t\t\t\t\t\t\t\t<img fetchpriority=\"high\" decoding=\"async\" width=\"308\" height=\"274\" src=\"https:\/\/sarauestudi.cat\/wp-content\/uploads\/2024\/12\/gargot-03.png\" class=\"attachment-large size-large wp-image-586\" alt=\"\" \/>\t\t\t\t\t\t\t\t\t\t\t\t\t\t\t<\/div>\n\t\t\t\t<div class=\"elementor-element elementor-element-8478a5c elementor-absolute elementor-widget elementor-widget-image\" data-id=\"8478a5c\" data-element_type=\"widget\" data-e-type=\"widget\" data-settings=\"{&quot;_position&quot;:&quot;absolute&quot;}\" data-widget_type=\"image.default\">\n\t\t\t\t\t\t\t\t\t\t\t\t\t\t\t<img loading=\"lazy\" decoding=\"async\" width=\"651\" height=\"167\" src=\"https:\/\/sarauestudi.cat\/wp-content\/uploads\/2024\/12\/gargot-15.png\" class=\"attachment-large size-large wp-image-600\" alt=\"\" \/>\t\t\t\t\t\t\t\t\t\t\t\t\t\t\t<\/div>\n\t\t\t\t<div class=\"elementor-element elementor-element-ab28602 elementor-absolute elementor-hidden-tablet elementor-hidden-mobile elementor-widget elementor-widget-image\" data-id=\"ab28602\" data-element_type=\"widget\" data-e-type=\"widget\" data-settings=\"{&quot;_position&quot;:&quot;absolute&quot;}\" data-widget_type=\"image.default\">\n\t\t\t\t\t\t\t\t\t\t\t\t\t\t\t<img loading=\"lazy\" decoding=\"async\" width=\"863\" height=\"124\" src=\"https:\/\/sarauestudi.cat\/wp-content\/uploads\/2024\/12\/gargot-header-01.png\" class=\"attachment-large size-large wp-image-578\" alt=\"\" srcset=\"https:\/\/sarauestudi.cat\/wp-content\/uploads\/2024\/12\/gargot-header-01.png 863w, https:\/\/sarauestudi.cat\/wp-content\/uploads\/2024\/12\/gargot-header-01-768x110.png 768w\" sizes=\"(max-width: 863px) 100vw, 863px\" \/>\t\t\t\t\t\t\t\t\t\t\t\t\t\t\t<\/div>\n\t\t\t\t\t<\/div>\n\t\t\t\t<\/div>\n\t\t\t\t<\/div>\n\t\t","protected":false},"excerpt":{"rendered":"<p>la primera cooperativa de comunicaci\u00f3n y dise\u00f1o gr\u00e1fico Somos una cooperativa de comunicaci\u00f3n y dise\u00f1o gr\u00e1fico con sede en L\u00e9rida. Un equipo creativo formado por dos mujeres j\u00f3venes que ve en cada proyecto una oportunidad de dise\u00f1ar y realizar estrategias comunicativas transformadoras, que potencien los valores del territorio. Damos vida a identidades \u00fanicas que reflejan [&hellip;]<\/p>\n","protected":false},"author":1,"featured_media":0,"parent":0,"menu_order":0,"comment_status":"closed","ping_status":"closed","template":"","meta":{"_acf_changed":false,"_monsterinsights_skip_tracking":false,"_monsterinsights_sitenote_active":false,"_monsterinsights_sitenote_note":"","_monsterinsights_sitenote_category":0,"footnotes":""},"class_list":["post-674","page","type-page","status-publish","hentry"],"acf":[],"_links":{"self":[{"href":"https:\/\/sarauestudi.cat\/es\/wp-json\/wp\/v2\/pages\/674","targetHints":{"allow":["GET"]}}],"collection":[{"href":"https:\/\/sarauestudi.cat\/es\/wp-json\/wp\/v2\/pages"}],"about":[{"href":"https:\/\/sarauestudi.cat\/es\/wp-json\/wp\/v2\/types\/page"}],"author":[{"embeddable":true,"href":"https:\/\/sarauestudi.cat\/es\/wp-json\/wp\/v2\/users\/1"}],"replies":[{"embeddable":true,"href":"https:\/\/sarauestudi.cat\/es\/wp-json\/wp\/v2\/comments?post=674"}],"version-history":[{"count":7,"href":"https:\/\/sarauestudi.cat\/es\/wp-json\/wp\/v2\/pages\/674\/revisions"}],"predecessor-version":[{"id":769,"href":"https:\/\/sarauestudi.cat\/es\/wp-json\/wp\/v2\/pages\/674\/revisions\/769"}],"wp:attachment":[{"href":"https:\/\/sarauestudi.cat\/es\/wp-json\/wp\/v2\/media?parent=674"}],"curies":[{"name":"wp","href":"https:\/\/api.w.org\/{rel}","templated":true}]}}